{"id":347,"date":"2026-02-10T20:50:07","date_gmt":"2026-02-10T18:50:07","guid":{"rendered":"https:\/\/profi-klavierunterricht-wien.com\/?page_id=347"},"modified":"2026-02-11T01:01:47","modified_gmt":"2026-02-10T23:01:47","slug":"piano-masterclass-2026","status":"publish","type":"page","link":"https:\/\/profi-klavierunterricht-wien.com\/index.php\/piano-masterclass-2026\/","title":{"rendered":"PIANO MASTERCLASS 2026"},"content":{"rendered":"\n<h1 class=\"wp-block-heading\"><strong><em>Join the \u00a011th TALENT MUSIC SUMMER COURSES &amp; OPERA FESTIVAL<\/em><\/strong><\/h1>\n\n\n\n<div class=\"wp-block-columns is-layout-flex wp-container-core-columns-is-layout-9d6595d7 wp-block-columns-is-layout-flex\">\n<div class=\"wp-block-column is-vertically-aligned-bottom is-layout-flow wp-block-column-is-layout-flow\" style=\"flex-basis:100%\">\n<div class=\"wp-block-media-text is-stacked-on-mobile\" style=\"grid-template-columns:49% auto\"><figure class=\"wp-block-media-text__media\"><img loading=\"lazy\" decoding=\"async\" width=\"1024\" height=\"1024\" src=\"https:\/\/profi-klavierunterricht-wien.com\/wp-content\/uploads\/2026\/02\/Masterclass-2026-1-1024x1024.jpeg\" alt=\"\" class=\"wp-image-345 size-full\" srcset=\"https:\/\/profi-klavierunterricht-wien.com\/wp-content\/uploads\/2026\/02\/Masterclass-2026-1-1024x1024.jpeg 1024w, https:\/\/profi-klavierunterricht-wien.com\/wp-content\/uploads\/2026\/02\/Masterclass-2026-1-300x300.jpeg 300w, https:\/\/profi-klavierunterricht-wien.com\/wp-content\/uploads\/2026\/02\/Masterclass-2026-1-150x150.jpeg 150w, https:\/\/profi-klavierunterricht-wien.com\/wp-content\/uploads\/2026\/02\/Masterclass-2026-1-768x768.jpeg 768w, https:\/\/profi-klavierunterricht-wien.com\/wp-content\/uploads\/2026\/02\/Masterclass-2026-1-100x100.jpeg 100w, https:\/\/profi-klavierunterricht-wien.com\/wp-content\/uploads\/2026\/02\/Masterclass-2026-1.jpeg 1133w\" sizes=\"auto, (max-width: 767px) 89vw, (max-width: 1000px) 54vw, (max-width: 1071px) 543px, 580px\" \/><\/figure><div class=\"wp-block-media-text__content\">\n<p><em>6 \u2013 13 July 2026 \u2022 Brescia, Italy<\/em><\/p>\n\n\n\n<p><strong>Entdecken Sie eine der f\u00fchrenden Sommerakademien Europas, die erstklassige Ausbildung mit au\u00dfergew\u00f6hnlichen Auftrittsm\u00f6glichkeiten verbindet.<\/strong><\/p>\n\n\n\n<p>In der wundersch\u00f6nen Stadt Brescia gelegen, Heimat bedeutender UNESCO-Welterbest\u00e4tten, bietet die Akademie ein anregendes Umfeld f\u00fcr junge Musikerinnen und Musiker, die k\u00fcnstlerisches Wachstum, professionelle Erfahrung und internationalen Austausch suchen.<\/p>\n<\/div><\/div>\n\n\n\n<div class=\"wp-block-columns is-layout-flex wp-container-core-columns-is-layout-9d6595d7 wp-block-columns-is-layout-flex\">\n<div class=\"wp-block-column is-layout-flow wp-block-column-is-layout-flow\">\n<h2 class=\"wp-block-heading\"><strong><strong>Studieren bei internationalen Spitzenk\u00fcnstlern<\/strong><\/strong><\/h2>\n\n\n\n<p>Die Akademie bringt renommierte Professor*innen und Musiker*innen von internationalen B\u00fchnen sowie aus f\u00fchrenden Orchestern und Konservatorien zusammen (Ewa Pob\u0142ocka, Michel B\u00e9roff, Andrea Bonatta, Bernd Goetzke, Piotr Paleczny u. a.).<br>Jede Teilnehmerin und jeder Teilnehmer erh\u00e4lt:<\/p>\n\n\n\n<ul class=\"wp-block-list\">\n<li>Drei Stunden Einzelunterricht (vier Einheiten \u00e0 45 Minuten)<\/li>\n\n\n\n<li>Garantierten t\u00e4glichen Zugang zu \u00dcber\u00e4umen<\/li>\n\n\n\n<li>Individuelle Betreuung in Repertoire, Technik und k\u00fcnstlerischer Entwicklung<\/li>\n<\/ul>\n\n\n\n<h2 class=\"wp-block-heading\"><strong><strong>Auftritts- und Karrierechancen in einem renommierten Festivalrahmen<\/strong><\/strong><\/h2>\n\n\n\n<p>Die Festivalatmosph\u00e4re der Akademie bietet einzigartige Sichtbarkeit gegen\u00fcber Publikum, k\u00fcnstlerischen Partnern und Fachleuten der internationalen Musikszene. Den Studierenden stehen zahlreiche Auftrittsm\u00f6glichkeiten offen, darunter:<\/p>\n\n\n\n<ul class=\"wp-block-list\">\n<li>Teilnahme an&nbsp;<strong>60 \u00f6ffentlichen Konzerten<\/strong>&nbsp;w\u00e4hrend des Sommers an renommierten Spielst\u00e4tten<\/li>\n\n\n\n<li><strong>Solistenauftritte mit dem professionellen Festivalorchester<\/strong>&nbsp;f\u00fcr Preistr\u00e4ger*innen der Wettbewerbe<\/li>\n\n\n\n<li><strong>W\u00f6chentliche Wettbewerbe der Talent Music Summer Courses<\/strong>&nbsp;mit&nbsp;<strong>Stipendien im Gesamtwert von 800 \u20ac<\/strong><\/li>\n\n\n\n<li><strong>Aufnahmepreis:<\/strong>&nbsp;Ausgew\u00e4hlte Preistr\u00e4ger*innen realisieren im M\u00e4rz 2027 professionelle Tonaufnahmen in Zusammenarbeit mit erfahrenen Toningenieuren<\/li>\n<\/ul>\n\n\n\n<p>Die Gesamtteilnahmegeb\u00fchr von <strong>570 \u20ac<\/strong> beinhaltet alle genannten Leistungen sowie Unterst\u00fctzung bei der Unterkunft in Brescia, Hilfestellung bei Visaangelegenheiten und umfassende administrative Betreuung w\u00e4hrend des gesamten Aufenthalts.<\/p>\n\n\n\n<p>Neugierig und wollen mehr wissen? <a href=\"https:\/\/profi-klavierunterricht-wien.com\/index.php\/anfrage\/\" title=\"Hier kontaktieren\">Hier kontaktieren<\/a><\/p>\n\n\n\n<p><a href=\"https:\/\/profi-klavierunterricht-wien.com\/wp-content\/uploads\/2026\/02\/Huang-Masterclass-2026.pdf\" title=\"\">Click here to see the English Version<\/a><\/p>\n\n\n\n<div class=\"wp-block-cover alignfull\" style=\"min-height:100vh;aspect-ratio:unset;\"><img decoding=\"async\" class=\"wp-block-cover__image-background\" alt=\"\" src=\"https:\/\/s.w.org\/images\/core\/5.8\/art-01.jpg\" data-object-fit=\"cover\"\/><span aria-hidden=\"true\" class=\"wp-block-cover__background has-background-dim-40 has-background-dim\" style=\"background-color:#000000\"><\/span><div class=\"wp-block-cover__inner-container is-layout-flow wp-block-cover-is-layout-flow\">\n<h2 class=\"wp-block-heading alignwide has-white-color has-text-color\" style=\"font-size:48px;line-height:1.2\"><strong><em>Macht Mit!<\/em><\/strong><\/h2>\n\n\n\n<div class=\"wp-block-columns alignwide is-layout-flex wp-container-core-columns-is-layout-9d6595d7 wp-block-columns-is-layout-flex\">\n<div class=\"wp-block-column is-layout-flow wp-block-column-is-layout-flow\" style=\"flex-basis:60%\">\n<p class=\"has-text-color\" style=\"color:#ffffff\">Entdecken Sie in meiner Masterclass neue Facetten Ihres k\u00fcnstlerischen Potenzials und entwickeln Sie eine selbstbewusste, ausdrucksstarke Musikalit\u00e4t, die Ihre Performance auf ein neues Niveau hebt.<\/p>\n\n\n\n<div class=\"wp-block-buttons is-layout-flex wp-block-buttons-is-layout-flex\">\n<div class=\"wp-block-button is-style-outline is-style-outline--1\"><a class=\"wp-block-button__link has-text-color has-background wp-element-button\" href=\"https:\/\/talentsummercourses.it\/rules-and-application-form\" style=\"color:#ffffff;background-color:#000000\"><strong>Weitere Informationen zum <\/strong><br><strong>Meisterkurs und Festival<\/strong><\/a><\/div>\n<\/div>\n<\/div>\n\n\n\n<div class=\"wp-block-column is-layout-flow wp-block-column-is-layout-flow\"><\/div>\n<\/div>\n\n\n\n<h2 class=\"wp-block-heading has-text-align-right\"><strong>Bewerbungsfrist:\u00a0<\/strong><br><strong>30. Mai 2026<\/strong><\/h2>\n<\/div><\/div>\n<\/div>\n<\/div>\n<\/div>\n<\/div>\n\n\n\n<p><\/p>\n","protected":false},"excerpt":{"rendered":"<p>Join the \u00a011th TALENT MUSIC SUMMER COURSES &amp; OPERA FESTIVAL 6 \u2013 13 July 2026 \u2022 Brescia, Italy Entdecken Sie eine der f\u00fchrenden Sommerakademien Europas, die erstklassige Ausbildung mit au\u00dfergew\u00f6hnlichen Auftrittsm\u00f6glichkeiten verbindet. In der wundersch\u00f6nen Stadt Brescia gelegen, Heimat bedeutender UNESCO-Welterbest\u00e4tten, bietet die Akademie ein anregendes Umfeld f\u00fcr junge Musikerinnen und Musiker, die k\u00fcnstlerisches Wachstum, &hellip; <\/p>\n<p class=\"link-more\"><a href=\"https:\/\/profi-klavierunterricht-wien.com\/index.php\/piano-masterclass-2026\/\" class=\"more-link\">Continue reading<span class=\"screen-reader-text\"> &#8220;PIANO MASTERCLASS 2026&#8221;<\/span><\/a><\/p>\n","protected":false},"author":2,"featured_media":346,"parent":0,"menu_order":0,"comment_status":"closed","ping_status":"closed","template":"","meta":{"footnotes":""},"class_list":["post-347","page","type-page","status-publish","has-post-thumbnail","hentry"],"aioseo_notices":[],"_links":{"self":[{"href":"https:\/\/profi-klavierunterricht-wien.com\/index.php\/wp-json\/wp\/v2\/pages\/347","targetHints":{"allow":["GET"]}}],"collection":[{"href":"https:\/\/profi-klavierunterricht-wien.com\/index.php\/wp-json\/wp\/v2\/pages"}],"about":[{"href":"https:\/\/profi-klavierunterricht-wien.com\/index.php\/wp-json\/wp\/v2\/types\/page"}],"author":[{"embeddable":true,"href":"https:\/\/profi-klavierunterricht-wien.com\/index.php\/wp-json\/wp\/v2\/users\/2"}],"replies":[{"embeddable":true,"href":"https:\/\/profi-klavierunterricht-wien.com\/index.php\/wp-json\/wp\/v2\/comments?post=347"}],"version-history":[{"count":5,"href":"https:\/\/profi-klavierunterricht-wien.com\/index.php\/wp-json\/wp\/v2\/pages\/347\/revisions"}],"predecessor-version":[{"id":367,"href":"https:\/\/profi-klavierunterricht-wien.com\/index.php\/wp-json\/wp\/v2\/pages\/347\/revisions\/367"}],"wp:featuredmedia":[{"embeddable":true,"href":"https:\/\/profi-klavierunterricht-wien.com\/index.php\/wp-json\/wp\/v2\/media\/346"}],"wp:attachment":[{"href":"https:\/\/profi-klavierunterricht-wien.com\/index.php\/wp-json\/wp\/v2\/media?parent=347"}],"curies":[{"name":"wp","href":"https:\/\/api.w.org\/{rel}","templated":true}]}}