{"id":274,"date":"2025-09-23T14:43:43","date_gmt":"2025-09-23T14:43:43","guid":{"rendered":"https:\/\/profi-klavierunterricht-wien.com\/?page_id=274"},"modified":"2025-09-23T14:43:44","modified_gmt":"2025-09-23T14:43:44","slug":"impressum","status":"publish","type":"page","link":"https:\/\/profi-klavierunterricht-wien.com\/index.php\/impressum\/","title":{"rendered":"IMPRESSUM"},"content":{"rendered":"\n<h3 class=\"wp-block-heading\">Verantwortlich<\/h3>\n\n\n\n<p>Profi Klavierunterricht Wien \/ Piano Vision Academy<br>c\/o Jui-Lan Huang<br>Linzer Stra\u00dfe 457\/25<br>1140 Wien, AT<br><br>+43 681 817 27039<br><a href=\"mailto:piano.vision.academy.vienna@gmail.com\">piano.vision.academy.vienna@gmail.com<\/a><br>www.Profi-Klavierunterricht-Wien.com<br>www.JuiLanHuang.com<br><\/p>\n\n\n\n<h3 class=\"wp-block-heading\">Bildnachweis<\/h3>\n\n\n\n<p>Die verwendeten Photographien stammen von <em>Andrej Grilc<\/em>. Alle Rechte vorbehalten.<\/p>\n\n\n\n<h3 class=\"wp-block-heading\">Copyright-Hinweise<\/h3>\n\n\n\n<p>Alle Inhalte (Texte, Skripte, Bilder und\/oder sonstige Media-Files) dieser Seiten sind weltweit urheberrechtlich gesch\u00fctzt. Abdruck oder sonstige mediale Verwertung au\u00dfer zum pers\u00f6nlichen Gebrauch nur mit Genehmigung durch <em>Profi Klavierunterricht Wien \/ Piano Vision Academy<\/em>. Das Copyright namentlich gekennzeichneter Bestandteile liegt bei den Autoren.<\/p>\n\n\n\n<h3 class=\"wp-block-heading\">Link-Praxis<\/h3>\n\n\n\n<p>Verweise (sogenannte Hyperlinks) auf diese Pr\u00e4senz sind ohne R\u00fccksprache zul\u00e4ssig, sofern<\/p>\n\n\n\n<ul class=\"wp-block-list\">\n<li>die Startseite (\u201eindex.html\u201c) referenziert wird,<\/li>\n\n\n\n<li>diese Seiten nicht in einem fremden Frameset angezeigt werden.<\/li>\n<\/ul>\n\n\n\n<p>Die politische, moralische und rechtliche Korrektheit der Inhalte, auf die <em>Profi Klavierunterricht Wien \/ Piano Vision Academy<\/em> unsererseits per Hyperlink verweist, ist selbstverst\u00e4ndlich angestrebt. In keinem Fall jedoch l\u00e4sst sich <em>Profi Klavierunterricht Wien \/ Piano Vision Academy<\/em> daf\u00fcr haftbar machen.<\/p>\n\n\n\n<h3 class=\"wp-block-heading\">Haftungsausschluss<\/h3>\n\n\n\n<p>Diese Seiten wurden mit gr\u00f6\u00dftm\u00f6glicher Sorgfalt erstellt. Dennoch wird eine Gew\u00e4hrleistung f\u00fcr die Richtigkeit der hier gemachten Angaben ausdr\u00fccklich ausgeschlossen. Alle hier ggf. gemachten Angebote sind freibleibend. F\u00fcr Sch\u00e4den, die aus der Lekt\u00fcre oder dem sonstigen Gebrauch dieser Pr\u00e4senz resultieren m\u00f6gen, seien sie materieller oder ideeller Art, haften wir nicht.<\/p>\n","protected":false},"excerpt":{"rendered":"<p>Verantwortlich Profi Klavierunterricht Wien \/ Piano Vision Academyc\/o Jui-Lan HuangLinzer Stra\u00dfe 457\/251140 Wien, AT +43 681 817 27039piano.vision.academy.vienna@gmail.comwww.Profi-Klavierunterricht-Wien.comwww.JuiLanHuang.com Bildnachweis Die verwendeten Photographien stammen von Andrej Grilc. Alle Rechte vorbehalten. Copyright-Hinweise Alle Inhalte (Texte, Skripte, Bilder und\/oder sonstige Media-Files) dieser Seiten sind weltweit urheberrechtlich gesch\u00fctzt. Abdruck oder sonstige mediale Verwertung au\u00dfer zum pers\u00f6nlichen Gebrauch nur mit &hellip; <\/p>\n<p class=\"link-more\"><a href=\"https:\/\/profi-klavierunterricht-wien.com\/index.php\/impressum\/\" class=\"more-link\">Continue reading<span class=\"screen-reader-text\"> &#8220;IMPRESSUM&#8221;<\/span><\/a><\/p>\n","protected":false},"author":2,"featured_media":0,"parent":0,"menu_order":0,"comment_status":"closed","ping_status":"closed","template":"","meta":{"footnotes":""},"class_list":["post-274","page","type-page","status-publish","hentry"],"aioseo_notices":[],"_links":{"self":[{"href":"https:\/\/profi-klavierunterricht-wien.com\/index.php\/wp-json\/wp\/v2\/pages\/274","targetHints":{"allow":["GET"]}}],"collection":[{"href":"https:\/\/profi-klavierunterricht-wien.com\/index.php\/wp-json\/wp\/v2\/pages"}],"about":[{"href":"https:\/\/profi-klavierunterricht-wien.com\/index.php\/wp-json\/wp\/v2\/types\/page"}],"author":[{"embeddable":true,"href":"https:\/\/profi-klavierunterricht-wien.com\/index.php\/wp-json\/wp\/v2\/users\/2"}],"replies":[{"embeddable":true,"href":"https:\/\/profi-klavierunterricht-wien.com\/index.php\/wp-json\/wp\/v2\/comments?post=274"}],"version-history":[{"count":1,"href":"https:\/\/profi-klavierunterricht-wien.com\/index.php\/wp-json\/wp\/v2\/pages\/274\/revisions"}],"predecessor-version":[{"id":275,"href":"https:\/\/profi-klavierunterricht-wien.com\/index.php\/wp-json\/wp\/v2\/pages\/274\/revisions\/275"}],"wp:attachment":[{"href":"https:\/\/profi-klavierunterricht-wien.com\/index.php\/wp-json\/wp\/v2\/media?parent=274"}],"curies":[{"name":"wp","href":"https:\/\/api.w.org\/{rel}","templated":true}]}}