{"id":130,"date":"2025-08-09T19:59:29","date_gmt":"2025-08-09T19:59:29","guid":{"rendered":"https:\/\/profi-klavierunterricht-wien.com\/?page_id=130"},"modified":"2026-04-08T12:48:47","modified_gmt":"2026-04-08T10:48:47","slug":"gastebuch","status":"publish","type":"page","link":"https:\/\/profi-klavierunterricht-wien.com\/index.php\/gastebuch\/","title":{"rendered":"G\u00e4stebuch"},"content":{"rendered":"<div class=\"wp-gr rpi\" style=\"--powered-color: #777777;--btn-color: #cd853f;--star-color: #cd853f;--name-color: #cd853f;\" data-id=\"161\" data-layout=\"list\" data-exec=\"false\" data-options='{&quot;text_size&quot;:&quot;&quot;,&quot;trans&quot;:{&quot;read more&quot;:&quot;read more&quot;}}'><svg xmlns=\"http:\/\/www.w3.org\/2000\/svg\" style=\"display:none!important\"><symbol id=\"grw-tripadvisor\" viewBox=\"0 0 713.496 713.496\"><g><circle fill=\"#34E0A1\" cx=\"356.749\" cy=\"356.748\" r=\"356.748\"\/><path d=\"M577.095,287.152l43.049-46.836h-95.465c-47.792-32.646-105.51-51.659-167.931-51.659   c-62.342,0-119.899,19.054-167.612,51.659H93.432l43.049,46.836c-26.387,24.075-42.929,58.754-42.929,97.259   c0,72.665,58.914,131.578,131.579,131.578c34.519,0,65.968-13.313,89.446-35.077l42.172,45.919l42.172-45.879   c23.478,21.764,54.887,35.037,89.406,35.037c72.665,0,131.658-58.913,131.658-131.578   C620.024,345.866,603.483,311.188,577.095,287.152z M225.17,473.458c-49.188,0-89.047-39.859-89.047-89.047   s39.86-89.048,89.047-89.048c49.187,0,89.047,39.86,89.047,89.048S274.357,473.458,225.17,473.458z M356.788,381.82   c0-58.595-42.61-108.898-98.853-130.383c30.413-12.716,63.776-19.771,98.813-19.771s68.439,7.055,98.853,19.771   C399.399,272.962,356.788,323.226,356.788,381.82z M488.367,473.458c-49.188,0-89.048-39.859-89.048-89.047   s39.86-89.048,89.048-89.048s89.047,39.86,89.047,89.048S537.554,473.458,488.367,473.458z M488.367,337.694   c-25.79,0-46.677,20.887-46.677,46.677c0,25.789,20.887,46.676,46.677,46.676c25.789,0,46.676-20.887,46.676-46.676   C535.042,358.621,514.156,337.694,488.367,337.694z M271.846,384.411c0,25.789-20.887,46.676-46.676,46.676   s-46.676-20.887-46.676-46.676c0-25.79,20.887-46.677,46.676-46.677C250.959,337.694,271.846,358.621,271.846,384.411z\"\/><\/g><\/symbol><symbol id=\"grw-google\" viewBox=\"0 0 512 512\"><g fill=\"none\" fill-rule=\"evenodd\"><path d=\"M482.56 261.36c0-16.73-1.5-32.83-4.29-48.27H256v91.29h127.01c-5.47 29.5-22.1 54.49-47.09 71.23v59.21h76.27c44.63-41.09 70.37-101.59 70.37-173.46z\" fill=\"#4285f4\"\/><path d=\"M256 492c63.72 0 117.14-21.13 156.19-57.18l-76.27-59.21c-21.13 14.16-48.17 22.53-79.92 22.53-61.47 0-113.49-41.51-132.05-97.3H45.1v61.15c38.83 77.13 118.64 130.01 210.9 130.01z\" fill=\"#34a853\"\/><path d=\"M123.95 300.84c-4.72-14.16-7.4-29.29-7.4-44.84s2.68-30.68 7.4-44.84V150.01H45.1C29.12 181.87 20 217.92 20 256c0 38.08 9.12 74.13 25.1 105.99l78.85-61.15z\" fill=\"#fbbc05\"\/><path d=\"M256 113.86c34.65 0 65.76 11.91 90.22 35.29l67.69-67.69C373.03 43.39 319.61 20 256 20c-92.25 0-172.07 52.89-210.9 130.01l78.85 61.15c18.56-55.78 70.59-97.3 132.05-97.3z\" fill=\"#ea4335\"\/><path d=\"M20 20h472v472H20V20z\"\/><\/g><\/symbol><\/svg><div class=\"wp-google-list\"><div class=\"grw-header\"><div class=\"grw-header-inner rpi-flx rpi-row12\"><div class=\"rpi-flx rpi-col8\"><div class=\"wp-google-name\"><a href=\"https:\/\/search.google.com\/local\/reviews?placeid=ChIJuYAIUBSnbUcR8yuoLjFuBAA\" target=\"_blank\" rel=\"nofollow noopener\">Profi Klavierunterricht \/ Piano Vision Academy Vienna<\/a><\/div><span class=\"rpi-stars\" style=\"--rating:5.0\">5.0<\/span><div class=\"wp-google-based\">Based on 17 reviews<\/div><div class=\"wp-google-powered\">powered by <span><span style=\"color:#3c6df0!important\">G<\/span><span style=\"color:#d93025!important\">o<\/span><span style=\"color:#fb8e28!important\">o<\/span><span style=\"color:#3c6df0!important\">g<\/span><span style=\"color:#188038!important\">l<\/span><span style=\"color:#d93025!important\">e<\/span><\/span><\/div><div class=\"wp-google-wr\"><a href=\"https:\/\/search.google.com\/local\/writereview?placeid=ChIJuYAIUBSnbUcR8yuoLjFuBAA\" target=\"_blank\" rel=\"nofollow noopener\" onclick=\"return rplg_leave_review_window.call(this)\">review us on<svg height=\"16\" width=\"16\" role=\"none\"><use href=\"#grw-google\"><\/use><\/svg><\/a><\/div><\/div><\/div><\/div><div class=\"rpi-flx rpi-col16\"><div class=\"wp-google-review\"><div class=\"rpi-flx rpi-row12\"><div class=\"grw-img-wrap\"><img decoding=\"async\" class=\"grw-img\" src=\"https:\/\/profi-klavierunterricht-wien.com\/wp-content\/uploads\/2025\/08\/ChIJuYAIUBSnbUcR8yuoLjFuBAA_837daee8c618d7c38fd7a4cf3ffb6b22.jpg\" loading=\"lazy\" alt=\"Clara L. profile picture\" width=\"50\" height=\"50\" onerror=\"if(this.src!='https:\/\/profi-klavierunterricht-wien.com\/wp-content\/plugins\/widget-google-reviews\/assets\/img\/guest.png')this.src='https:\/\/profi-klavierunterricht-wien.com\/wp-content\/plugins\/widget-google-reviews\/assets\/img\/guest.png';\" ><\/div><div class=\"rpi-flx rpi-col4\"><a href=\"https:\/\/www.google.com\/maps\/contrib\/107206027413759666992\/reviews\" class=\"wp-google-name\" target=\"_blank\" rel=\"nofollow noopener\">Clara L.<\/a><div class=\"wp-google-time\" data-time=\"1740765748\">18:02 28 Feb 25<\/div><div class=\"wp-google-feedback\"><span class=\"rpi-stars\" style=\"--rating:5\"><\/span><span class=\"wp-google-text\">Jui-Lans Fachwissen \u00fcbertrifft meine Erwartungen. Ihre Methoden, sowohl das Wissen \u00fcber das St\u00fcck und den Komponisten als auch die allgemeine Herangehensweise an die Tonarten zu integrieren, halfen mir, als Pianistin sensibler zu werden. Ich hatte heute eine Probestunde bei ihr und sie hat mir geholfen, mein weiteres Potenzial als K\u00fcnstlerin freizusetzen. Vielen Dank f\u00fcr dieses Erlebnis!<\/span><\/div><\/div><\/div><\/div><div class=\"wp-google-review\"><div class=\"rpi-flx rpi-row12\"><div class=\"grw-img-wrap\"><img decoding=\"async\" class=\"grw-img\" src=\"https:\/\/profi-klavierunterricht-wien.com\/wp-content\/uploads\/2025\/08\/ChIJuYAIUBSnbUcR8yuoLjFuBAA_806f7eca182c076db4fd17a3e1aa7cd7.jpg\" loading=\"lazy\" alt=\"jonah T. profile picture\" width=\"50\" height=\"50\" onerror=\"if(this.src!='https:\/\/profi-klavierunterricht-wien.com\/wp-content\/plugins\/widget-google-reviews\/assets\/img\/guest.png')this.src='https:\/\/profi-klavierunterricht-wien.com\/wp-content\/plugins\/widget-google-reviews\/assets\/img\/guest.png';\" ><\/div><div class=\"rpi-flx rpi-col4\"><a href=\"https:\/\/www.google.com\/maps\/contrib\/105826879235675428009\/reviews\" class=\"wp-google-name\" target=\"_blank\" rel=\"nofollow noopener\">jonah T.<\/a><div class=\"wp-google-time\" data-time=\"1733453371\">02:49 06 Dec 24<\/div><div class=\"wp-google-feedback\"><span class=\"rpi-stars\" style=\"--rating:5\"><\/span><span class=\"wp-google-text\">Jui-Lan ist eine au\u00dfergew\u00f6hnliche Klavierlehrerin. Bevor ich Unterricht bei ihr nahm, fragte ich mich oft, warum bestimmte Aspekte meiner Technik mangelhaft waren und wie sie mich davon abhielten, fortgeschrittenere St\u00fccke zu spielen. Jui-Lan hat eine unglaubliche F\u00e4higkeit, Schwachstellen zu erkennen und, was noch wichtiger ist, klare Anleitungen zu geben, wie man sie in St\u00e4rken umwandeln kann \u2013 vorausgesetzt nat\u00fcrlich, dass ich mich daf\u00fcr anstrenge. In nur wenigen Unterrichtsmonaten habe ich eine Verbesserung nicht nur meiner Technik, sondern auch meiner allgemeinen Herangehensweise an das Klavier festgestellt. Ich f\u00fchle mich in allen Bereichen meines Spiels wohler, selbstbewusster und leistungsf\u00e4higer. Jui-Lans Unterricht hat nicht nur meine F\u00e4higkeiten verbessert, sondern auch meine Denkweise \u00fcber Musik und \u00dcben ver\u00e4ndert. Ich bin zuversichtlich, dass ich mit mehr Zeit unter ihrer Anleitung noch gr\u00f6\u00dfere H\u00f6hen auf meiner Klavierreise erreichen werde.<\/span><\/div><\/div><\/div><\/div><div class=\"wp-google-review\"><div class=\"rpi-flx rpi-row12\"><div class=\"grw-img-wrap\"><img decoding=\"async\" class=\"grw-img\" src=\"https:\/\/profi-klavierunterricht-wien.com\/wp-content\/uploads\/2025\/08\/ChIJuYAIUBSnbUcR8yuoLjFuBAA_32e17aebd80315f6dd50741822321921.jpg\" loading=\"lazy\" alt=\"aynaz B. profile picture\" width=\"50\" height=\"50\" onerror=\"if(this.src!='https:\/\/profi-klavierunterricht-wien.com\/wp-content\/plugins\/widget-google-reviews\/assets\/img\/guest.png')this.src='https:\/\/profi-klavierunterricht-wien.com\/wp-content\/plugins\/widget-google-reviews\/assets\/img\/guest.png';\" ><\/div><div class=\"rpi-flx rpi-col4\"><a href=\"https:\/\/www.google.com\/maps\/contrib\/105313888582676123824\/reviews\" class=\"wp-google-name\" target=\"_blank\" rel=\"nofollow noopener\">aynaz B.<\/a><div class=\"wp-google-time\" data-time=\"1733147514\">13:51 02 Dec 24<\/div><div class=\"wp-google-feedback\"><span class=\"rpi-stars\" style=\"--rating:5\"><\/span><span class=\"wp-google-text\">Jedes Mal, wenn ich eine Unterrichtsstunde bei Ihnen  hatte, liebe Lehrerin , steigerte sich meine Begeisterung und Sie haben in Klasse Dinge gesagt, die ich bei keinem anderen Lehrer erlebt habe. Ich hatte immer gro\u00dfe technische Schw\u00e4chen, aber jetzt bin ich viel besser als zuvor. Die Pr\u00e4zision und Eleganz, mit der Sie unterrichten, macht Sie stolz. Sie waren immer diejenige, die meinen Geschmack respektierte, mir zuh\u00f6rte und sich um den Sch\u00fcler k\u00fcmmerte. Tats\u00e4chlich dient dieser Kurs nicht nur dem Unterrichten, sondern auch dem Lernen und Fortschritt beider Parteien. Ein weiterer Punkt, der in Ihrem Unterricht sehr wichtig ist, ist die K\u00f6rperwahrnehmung, die Sie mehr denn je ansprechen.<br \/>Ich empfehle Ihnen, unbedingt an diesen Kursen teilzunehmen.<\/span><\/div><\/div><\/div><\/div><div class=\"wp-google-review\"><div class=\"rpi-flx rpi-row12\"><div class=\"grw-img-wrap\"><img decoding=\"async\" class=\"grw-img\" src=\"https:\/\/profi-klavierunterricht-wien.com\/wp-content\/uploads\/2025\/08\/ChIJuYAIUBSnbUcR8yuoLjFuBAA_a9eb54fadb4380fc414e6f1118c9b7c2.jpg\" loading=\"lazy\" alt=\"Enoch W. profile picture\" width=\"50\" height=\"50\" onerror=\"if(this.src!='https:\/\/profi-klavierunterricht-wien.com\/wp-content\/plugins\/widget-google-reviews\/assets\/img\/guest.png')this.src='https:\/\/profi-klavierunterricht-wien.com\/wp-content\/plugins\/widget-google-reviews\/assets\/img\/guest.png';\" ><\/div><div class=\"rpi-flx rpi-col4\"><a href=\"https:\/\/www.google.com\/maps\/contrib\/109369972936230046910\/reviews\" class=\"wp-google-name\" target=\"_blank\" rel=\"nofollow noopener\">Enoch W.<\/a><div class=\"wp-google-time\" data-time=\"1727017924\">15:12 22 Sep 24<\/div><div class=\"wp-google-feedback\"><span class=\"rpi-stars\" style=\"--rating:5\"><\/span><span class=\"wp-google-text\">Mir gef\u00e4llt sehr gut, wie sie zwischen \u00dcben und B\u00fchnenauftritten unterscheidet. Eine sehr nette und hilfsbereite Lehrerin.&#x1f44d;<\/span><\/div><\/div><\/div><\/div><div class=\"wp-google-review\"><div class=\"rpi-flx rpi-row12\"><div class=\"grw-img-wrap\"><img decoding=\"async\" class=\"grw-img\" src=\"https:\/\/profi-klavierunterricht-wien.com\/wp-content\/uploads\/2025\/08\/ChIJuYAIUBSnbUcR8yuoLjFuBAA_9ba9d1449cee83d88b014eda2fdc3e7e.jpg\" loading=\"lazy\" alt=\"Steven P. profile picture\" width=\"50\" height=\"50\" onerror=\"if(this.src!='https:\/\/profi-klavierunterricht-wien.com\/wp-content\/plugins\/widget-google-reviews\/assets\/img\/guest.png')this.src='https:\/\/profi-klavierunterricht-wien.com\/wp-content\/plugins\/widget-google-reviews\/assets\/img\/guest.png';\" ><\/div><div class=\"rpi-flx rpi-col4\"><a href=\"https:\/\/www.google.com\/maps\/contrib\/101219289119865372296\/reviews\" class=\"wp-google-name\" target=\"_blank\" rel=\"nofollow noopener\">Steven P.<\/a><div class=\"wp-google-time\" data-time=\"1726514411\">19:20 16 Sep 24<\/div><div class=\"wp-google-feedback\"><span class=\"rpi-stars\" style=\"--rating:5\"><\/span><span class=\"wp-google-text\">Ich habe ihre kostenlose Unterrichtsstunde ausprobiert und war nach nur 30 Minuten begeistert. Sie ist sehr sympathisch, klar, gebildet, professionell und talentiert. Ich kann sie nur empfehlen. Ich sehe, wie sie das Klavierpotenzial anderer Menschen freisetzen kann.<\/span><\/div><\/div><\/div><\/div><div class=\"wp-google-review\"><div class=\"rpi-flx rpi-row12\"><div class=\"grw-img-wrap\"><img decoding=\"async\" class=\"grw-img\" src=\"https:\/\/profi-klavierunterricht-wien.com\/wp-content\/uploads\/2025\/08\/ChIJuYAIUBSnbUcR8yuoLjFuBAA_ac66eb3e4ce0a59aa82273442800cfef.jpg\" loading=\"lazy\" alt=\"Beatrice D. profile picture\" width=\"50\" height=\"50\" onerror=\"if(this.src!='https:\/\/profi-klavierunterricht-wien.com\/wp-content\/plugins\/widget-google-reviews\/assets\/img\/guest.png')this.src='https:\/\/profi-klavierunterricht-wien.com\/wp-content\/plugins\/widget-google-reviews\/assets\/img\/guest.png';\" ><\/div><div class=\"rpi-flx rpi-col4\"><a href=\"https:\/\/www.google.com\/maps\/contrib\/104209573827301706459\/reviews\" class=\"wp-google-name\" target=\"_blank\" rel=\"nofollow noopener\">Beatrice D.<\/a><div class=\"wp-google-time\" data-time=\"1725480958\">20:15 04 Sep 24<\/div><div class=\"wp-google-feedback\"><span class=\"rpi-stars\" style=\"--rating:5\"><\/span><span class=\"wp-google-text\">Ich habe den Unterricht bei Frau Jui-Lan sehr genossen. Ich mag ihre Art zu unterrichten, weil sie versteht, wie Finger und K\u00f6rper sich bewegen m\u00fcssen, um einen sch\u00f6nen Klang zu erzeugen und schwierige Passagen leichter zu meistern. Das ist ein wichtiger Aspekt der Technik, den ich pers\u00f6nlich nicht bei vielen Lehrern gesehen habe, die ihn gut demonstrieren und erkl\u00e4ren k\u00f6nnen. Ich kann sie nur empfehlen!<\/span><\/div><\/div><\/div><\/div><div class=\"wp-google-review\"><div class=\"rpi-flx rpi-row12\"><div class=\"grw-img-wrap\"><img decoding=\"async\" class=\"grw-img\" src=\"https:\/\/profi-klavierunterricht-wien.com\/wp-content\/uploads\/2025\/08\/ChIJuYAIUBSnbUcR8yuoLjFuBAA_3f9c22874e588e629305e23c28fa5cb4.jpg\" loading=\"lazy\" alt=\"Jean Pierre K. profile picture\" width=\"50\" height=\"50\" onerror=\"if(this.src!='https:\/\/profi-klavierunterricht-wien.com\/wp-content\/plugins\/widget-google-reviews\/assets\/img\/guest.png')this.src='https:\/\/profi-klavierunterricht-wien.com\/wp-content\/plugins\/widget-google-reviews\/assets\/img\/guest.png';\" ><\/div><div class=\"rpi-flx rpi-col4\"><a href=\"https:\/\/www.google.com\/maps\/contrib\/107626710663709936672\/reviews\" class=\"wp-google-name\" target=\"_blank\" rel=\"nofollow noopener\">Jean Pierre K.<\/a><div class=\"wp-google-time\" data-time=\"1724930118\">11:15 29 Aug 24<\/div><div class=\"wp-google-feedback\"><span class=\"rpi-stars\" style=\"--rating:5\"><\/span><span class=\"wp-google-text\">Tolle Tipps und Verst\u00e4ndnis f\u00fcr Situationen. W\u00fcrde 10\/10 empfehlen<\/span><\/div><\/div><\/div><\/div><div class=\"wp-google-review\"><div class=\"rpi-flx rpi-row12\"><div class=\"grw-img-wrap\"><img decoding=\"async\" class=\"grw-img\" src=\"https:\/\/profi-klavierunterricht-wien.com\/wp-content\/uploads\/2025\/08\/ChIJuYAIUBSnbUcR8yuoLjFuBAA_4e5e5a1879b9e93651f299638bab2f52.jpg\" loading=\"lazy\" alt=\"Samuel Ramos \u1515. profile picture\" width=\"50\" height=\"50\" onerror=\"if(this.src!='https:\/\/profi-klavierunterricht-wien.com\/wp-content\/plugins\/widget-google-reviews\/assets\/img\/guest.png')this.src='https:\/\/profi-klavierunterricht-wien.com\/wp-content\/plugins\/widget-google-reviews\/assets\/img\/guest.png';\" ><\/div><div class=\"rpi-flx rpi-col4\"><a href=\"https:\/\/www.google.com\/maps\/contrib\/117659883636543873297\/reviews\" class=\"wp-google-name\" target=\"_blank\" rel=\"nofollow noopener\">Samuel Ramos \u1515.<\/a><div class=\"wp-google-time\" data-time=\"1724849479\">12:51 28 Aug 24<\/div><div class=\"wp-google-feedback\"><span class=\"rpi-stars\" style=\"--rating:5\"><\/span><span class=\"wp-google-text\"><\/span><\/div><\/div><\/div><\/div><div class=\"wp-google-review\"><div class=\"rpi-flx rpi-row12\"><div class=\"grw-img-wrap\"><img decoding=\"async\" class=\"grw-img\" src=\"https:\/\/profi-klavierunterricht-wien.com\/wp-content\/uploads\/2025\/08\/ChIJuYAIUBSnbUcR8yuoLjFuBAA_4a74a71c086a1b9172d2448599e6bc0a.jpg\" loading=\"lazy\" alt=\"Kevin L. profile picture\" width=\"50\" height=\"50\" onerror=\"if(this.src!='https:\/\/profi-klavierunterricht-wien.com\/wp-content\/plugins\/widget-google-reviews\/assets\/img\/guest.png')this.src='https:\/\/profi-klavierunterricht-wien.com\/wp-content\/plugins\/widget-google-reviews\/assets\/img\/guest.png';\" ><\/div><div class=\"rpi-flx rpi-col4\"><a href=\"https:\/\/www.google.com\/maps\/contrib\/110164087305085171813\/reviews\" class=\"wp-google-name\" target=\"_blank\" rel=\"nofollow noopener\">Kevin L.<\/a><div class=\"wp-google-time\" data-time=\"1724780534\">17:42 27 Aug 24<\/div><div class=\"wp-google-feedback\"><span class=\"rpi-stars\" style=\"--rating:5\"><\/span><span class=\"wp-google-text\"><\/span><\/div><\/div><\/div><\/div><\/div><a href=\"https:\/\/search.google.com\/local\/reviews?placeid=ChIJuYAIUBSnbUcR8yuoLjFuBAA\" class=\"wp-google-url\" target=\"_blank\" rel=\"nofollow noopener\">See All Reviews<\/a><\/div><script>(function(p){if(!p)return;let w=p.offsetWidth,m=function(a,b){return Math.min(a,b)===a};p.querySelector('.grw-row').classList.replace('grw-row-m','grw-row-'+(m(w,510)?'xs':m(w,750)?'x':m(w,1100)?'s':m(w,1450)?'m':m(w,1800)?'l':'xl'))})(document.currentScript?.parentElement)<\/script><\/div>\n\n\n\n<p><\/p>\n\n\n\n<div class=\"wp-block-buttons is-content-justification-center is-layout-flex wp-container-core-buttons-is-layout-16018d1d wp-block-buttons-is-layout-flex\">\n<div class=\"wp-block-button is-style-fill\"><a class=\"wp-block-button__link has-background has-text-align-center wp-element-button\" href=\"https:\/\/maps.app.goo.gl\/PTBLHkwkEANCETmG7?g_st=com.google.maps.preview.copy\" style=\"background-color:#cd853f\">Neueste Testimonials<\/a><\/div>\n<\/div>\n","protected":false},"excerpt":{"rendered":"","protected":false},"author":2,"featured_media":156,"parent":0,"menu_order":0,"comment_status":"closed","ping_status":"closed","template":"","meta":{"footnotes":""},"class_list":["post-130","page","type-page","status-publish","has-post-thumbnail","hentry"],"aioseo_notices":[],"_links":{"self":[{"href":"https:\/\/profi-klavierunterricht-wien.com\/index.php\/wp-json\/wp\/v2\/pages\/130","targetHints":{"allow":["GET"]}}],"collection":[{"href":"https:\/\/profi-klavierunterricht-wien.com\/index.php\/wp-json\/wp\/v2\/pages"}],"about":[{"href":"https:\/\/profi-klavierunterricht-wien.com\/index.php\/wp-json\/wp\/v2\/types\/page"}],"author":[{"embeddable":true,"href":"https:\/\/profi-klavierunterricht-wien.com\/index.php\/wp-json\/wp\/v2\/users\/2"}],"replies":[{"embeddable":true,"href":"https:\/\/profi-klavierunterricht-wien.com\/index.php\/wp-json\/wp\/v2\/comments?post=130"}],"version-history":[{"count":4,"href":"https:\/\/profi-klavierunterricht-wien.com\/index.php\/wp-json\/wp\/v2\/pages\/130\/revisions"}],"predecessor-version":[{"id":383,"href":"https:\/\/profi-klavierunterricht-wien.com\/index.php\/wp-json\/wp\/v2\/pages\/130\/revisions\/383"}],"wp:featuredmedia":[{"embeddable":true,"href":"https:\/\/profi-klavierunterricht-wien.com\/index.php\/wp-json\/wp\/v2\/media\/156"}],"wp:attachment":[{"href":"https:\/\/profi-klavierunterricht-wien.com\/index.php\/wp-json\/wp\/v2\/media?parent=130"}],"curies":[{"name":"wp","href":"https:\/\/api.w.org\/{rel}","templated":true}]}}