{"id":126,"date":"2025-08-09T19:56:05","date_gmt":"2025-08-09T19:56:05","guid":{"rendered":"https:\/\/profi-klavierunterricht-wien.com\/?page_id=126"},"modified":"2025-08-27T18:16:32","modified_gmt":"2025-08-27T18:16:32","slug":"about","status":"publish","type":"page","link":"https:\/\/profi-klavierunterricht-wien.com\/index.php\/about\/","title":{"rendered":"About"},"content":{"rendered":"\n<p class=\"has-text-align-right\"><em>\u201eJui-Lan Huang ist \u00fcberreich mit K\u00f6nnen und k\u00fcnstlerische Begabung bedachte Pianistin. Phantasie, Intellekt, Gef\u00fchle und Virtuosit\u00e4t \u2013 Sie besitzt das alles \u2013 ineinander verwickelt, verflochten,&nbsp;verzweigt, beziehungsreich.\u201c<\/em><\/p>\n\n\n\n<p class=\"has-text-align-right\"><em><strong>Anatol Ugorski<\/strong><\/em><\/p>\n\n\n\n<p class=\"has-text-align-right\"><em>\u201eSie ist eine temperamentvolle Pianistin.\u201c<\/em><\/p>\n\n\n\n<p class=\"has-text-align-right\"><strong><em>Wladimir Krajnew<\/em><\/strong><\/p>\n\n\n\n<p class=\"has-text-align-right\"><em>\u201eJui-Lan Huang vermag dies mit uns\u00e4glich differenziertem Anschlag auszudr\u00fccken. &nbsp;<\/em><br><em>Ein Wechselbad von gro\u00dfer Kraft und Feinem Gef\u00fchl.\u201c<\/em><\/p>\n\n\n\n<p class=\"has-text-align-right\"><strong><em>Zeitung \u201eNeue Westf\u00e4lische\u201c<\/em><\/strong><\/p>\n\n\n\n<p class=\"has-text-align-right\"><em>\u201e\u2026spielte sie mit solcher Ausdrucksst\u00e4rke und pianistischen Raffinesse, dass die manuelle Beschr\u00e4nkung unh\u00f6rbar blieb\u2026 &nbsp;Jui-Lan Huang begeisterte das Publikum.\u201c<\/em><\/p>\n\n\n\n<p class=\"has-text-align-right\"><strong><em>Zeitung \u201eWestfallen-Blatt\u201c<\/em><\/strong><\/p>\n\n\n\n<p><\/p>\n\n\n\n<p>Von der deutschen Presse&nbsp;<em>Neue Westf\u00e4lische<\/em>&nbsp;f\u00fcr ihre \u201eau\u00dfergew\u00f6hnliche Sensibilit\u00e4t\u201c gefeiert und von dem legend\u00e4ren Pianisten Anatol Ugorski als \u201ehochbegabt mit K\u00f6nnen und k\u00fcnstlerischem Talent\u201c gelobt, begeistert Jui-Lan Huang das Publikum auf internationalen B\u00fchnen.<\/p>\n\n\n\n<p>Als vielseitige Pianistin gibt Huang h\u00e4ufig Soloabende, Klavierkonzerte und Kammermusik-Konzerte. Sie ist in renommierten Konzerts\u00e4len wie dem Konzerthaus Berlin, Gasteig M\u00fcnchen, Slovensk\u00e1 Filharm\u00f3nia, Auditorio Ciudad de Le\u00f3n aufgetreten. Dar\u00fcber hinaus wurde sie zu Musikfestivals wie&nbsp;<em>The International Holland Music Sessions<\/em>&nbsp;und&nbsp;<em>Musikfest Freiburg<\/em>&nbsp;eingeladen. Inspiriert von der Natur und einer Mischung aus westlichen K\u00fcnsten und asiatischer Philosophie gr\u00fcndete die in Deutschland ausgebildete und in Wien lebende taiwanesische Pianistin die Konzertreihe&nbsp;<em>Art of Silence<\/em>, die regelm\u00e4\u00dfig in Europa und Asien stattfindet und Literatur, Fotografie und bildende Kunst miteinander verbindet. Ihre unges\u00e4ttigte Neugier nach neuem k\u00fcnstlerischen Ausdruck f\u00fchrt sie auch dazu ihr eigene Poesie und Malerei in der Konzertreihe zu kombinieren, um dem Publikum neue Konzerterlebnisse zu \u00fcbermitteln.<\/p>\n\n\n\n<p>Die preisgekr\u00f6nte Pianistin erhielt unter anderem vier Mals den ersten Preis verschiedener Klavierwettbewerbe und den Sonderpreis des Internationalen Klavierwettbewerbs von Ibiza sowie den Preis der&nbsp;<em>Oscar und Vera Ritter-Stiftung<\/em>. Sie absolvierte ihre k\u00fcnstlerische Ausbildung an der Hochschule f\u00fcr Musik, Theater und Medien Hannover bei Prof. Einar Steen-N\u00f8kleberg und Prof. Matti Raekallio. Dar\u00fcber hinaus hat sie bedeutende k\u00fcnstlerische Anregungen von Pers\u00f6nlichkeiten wie Pavel Gililov, Wladimir Krajnew, Bernd Goetzke, Michel B\u00e9roff, Vitaly Margulis und Valery Pyasetsky erhalten. Sie ist au\u00dferdem Empf\u00e4ngerin begehrter Stipendien des&nbsp;<em>DAAD<\/em>, der&nbsp;<em>GSSA<\/em>&nbsp;Taiwan, von&nbsp;<em>ERASMUS<\/em>&nbsp;und von&nbsp;<em>Musik braucht Freunde Hannover<\/em>.<\/p>\n\n\n\n<p>Mit Hingabe zuk\u00fcnftige Musiker*innen zu f\u00f6rdern ist Huang ein Vergn\u00fcgen. Sie leitet eine Konzertfach Klavierklasse am Franz Schubert Konservatorium Wien und gibt Meisterkurse in Europa und Asien. Neben der Lehr- und Konzertt\u00e4tigkeit ist sie Gr\u00fcnderin und k\u00fcnstlerische Leiterin des&nbsp;<a href=\"http:\/\/web.archive.org\/web\/20240922102341\/https:\/\/proresonance.com\/\"><em>Pro Resonance<\/em><\/a>&nbsp;Vereins, der intensiv mit der Gestaltung von interdisziplin\u00e4ren, sozialbewussten Projekten und innovativen Konzertformaten befasst ist. Der Verein tr\u00e4gt ausserdem dazu bei, das gesellschaftliche Bewusstsein f\u00fcr&nbsp;<em>Gender &amp; Diversity<\/em>&nbsp;zu kultivieren um die soziale Ungerechtigkeit zu verringern, und wird bereits vom BMK\u00d6S gef\u00f6rdert. Diese Vision verfolgt Huang durch das Ann\u00e4hern diverser K\u00fcnste und Humanwissenschaften und leistet durch das Aufzeigen derer Verwandtschaft einen Beitrag zu einer wahrnehmungsf\u00e4higeren und humanit\u00e4reren Gesellschaft. Sie widmet sich dem lebenslangen Streben nach k\u00fcnstlerischer Tiefe, und zieht ihre Inspirationen aus der Vielfalt der Natur und Kulturen, sowie Meditation und Philosophie.<\/p>\n\n\n\n<figure class=\"wp-block-embed is-type-video is-provider-youtube wp-block-embed-youtube wp-embed-aspect-16-9 wp-has-aspect-ratio\"><div class=\"wp-block-embed__wrapper\">\n<iframe loading=\"lazy\" title=\"Rachmaninoff Etude-Tableux Op. 39 No.1\" width=\"525\" height=\"295\" src=\"https:\/\/www.youtube.com\/embed\/TL8abWESqHQ?feature=oembed\" frameborder=\"0\" allow=\"accelerometer; autoplay; clipboard-write; encrypted-media; gyroscope; picture-in-picture; web-share\" referrerpolicy=\"strict-origin-when-cross-origin\" allowfullscreen><\/iframe>\n<\/div><\/figure>\n\n\n\n<p class=\"has-small-font-size\"><em>Rachmaninoff Etude-Tableux Op. 39 No.1<\/em><\/p>\n\n\n\n<figure class=\"wp-block-embed is-type-video is-provider-youtube wp-block-embed-youtube wp-embed-aspect-16-9 wp-has-aspect-ratio\"><div class=\"wp-block-embed__wrapper\">\n<iframe loading=\"lazy\" title=\"Classical music incorporated with Philosophy &amp; Visual Arts, Lili Boulanger Prelude in D-flat major\" width=\"525\" height=\"295\" src=\"https:\/\/www.youtube.com\/embed\/pLJE1dIr5mU?feature=oembed\" frameborder=\"0\" allow=\"accelerometer; autoplay; clipboard-write; encrypted-media; gyroscope; picture-in-picture; web-share\" referrerpolicy=\"strict-origin-when-cross-origin\" allowfullscreen><\/iframe>\n<\/div><\/figure>\n\n\n\n<p class=\"has-small-font-size\"><em>Classical music incorporated with Philosophy &amp; Visual Arts, Lili Boulanger Prelude in D-flat major<\/em><\/p>\n\n\n\n<figure class=\"wp-block-embed is-type-rich is-provider-spotify wp-block-embed-spotify wp-embed-aspect-21-9 wp-has-aspect-ratio\"><div class=\"wp-block-embed__wrapper\">\n<iframe title=\"Spotify Embed: Jui-Lan Huang\" style=\"border-radius: 12px\" width=\"100%\" height=\"352\" frameborder=\"0\" allowfullscreen allow=\"autoplay; clipboard-write; encrypted-media; fullscreen; picture-in-picture\" loading=\"lazy\" src=\"https:\/\/open.spotify.com\/embed\/artist\/2lLKAwqJyVc5ZQOwWXM2H4?si=JzwggnELQduLNpGzTF8wvg&#038;nd=1&#038;dlsi=1903497d538441cf&#038;utm_source=oembed\"><\/iframe>\n<\/div><\/figure>\n","protected":false},"excerpt":{"rendered":"<p>\u201eJui-Lan Huang ist \u00fcberreich mit K\u00f6nnen und k\u00fcnstlerische Begabung bedachte Pianistin. Phantasie, Intellekt, Gef\u00fchle und Virtuosit\u00e4t \u2013 Sie besitzt das alles \u2013 ineinander verwickelt, verflochten,&nbsp;verzweigt, beziehungsreich.\u201c Anatol Ugorski \u201eSie ist eine temperamentvolle Pianistin.\u201c Wladimir Krajnew \u201eJui-Lan Huang vermag dies mit uns\u00e4glich differenziertem Anschlag auszudr\u00fccken. &nbsp;Ein Wechselbad von gro\u00dfer Kraft und Feinem Gef\u00fchl.\u201c Zeitung \u201eNeue Westf\u00e4lische\u201c &hellip; <\/p>\n<p class=\"link-more\"><a href=\"https:\/\/profi-klavierunterricht-wien.com\/index.php\/about\/\" class=\"more-link\">Continue reading<span class=\"screen-reader-text\"> &#8220;About&#8221;<\/span><\/a><\/p>\n","protected":false},"author":2,"featured_media":79,"parent":0,"menu_order":0,"comment_status":"closed","ping_status":"closed","template":"","meta":{"footnotes":""},"class_list":["post-126","page","type-page","status-publish","has-post-thumbnail","hentry"],"aioseo_notices":[],"_links":{"self":[{"href":"https:\/\/profi-klavierunterricht-wien.com\/index.php\/wp-json\/wp\/v2\/pages\/126","targetHints":{"allow":["GET"]}}],"collection":[{"href":"https:\/\/profi-klavierunterricht-wien.com\/index.php\/wp-json\/wp\/v2\/pages"}],"about":[{"href":"https:\/\/profi-klavierunterricht-wien.com\/index.php\/wp-json\/wp\/v2\/types\/page"}],"author":[{"embeddable":true,"href":"https:\/\/profi-klavierunterricht-wien.com\/index.php\/wp-json\/wp\/v2\/users\/2"}],"replies":[{"embeddable":true,"href":"https:\/\/profi-klavierunterricht-wien.com\/index.php\/wp-json\/wp\/v2\/comments?post=126"}],"version-history":[{"count":3,"href":"https:\/\/profi-klavierunterricht-wien.com\/index.php\/wp-json\/wp\/v2\/pages\/126\/revisions"}],"predecessor-version":[{"id":159,"href":"https:\/\/profi-klavierunterricht-wien.com\/index.php\/wp-json\/wp\/v2\/pages\/126\/revisions\/159"}],"wp:featuredmedia":[{"embeddable":true,"href":"https:\/\/profi-klavierunterricht-wien.com\/index.php\/wp-json\/wp\/v2\/media\/79"}],"wp:attachment":[{"href":"https:\/\/profi-klavierunterricht-wien.com\/index.php\/wp-json\/wp\/v2\/media?parent=126"}],"curies":[{"name":"wp","href":"https:\/\/api.w.org\/{rel}","templated":true}]}}